{"id":574,"date":"2022-03-20T12:15:14","date_gmt":"2022-03-20T11:15:14","guid":{"rendered":"https:\/\/chalupakrenov.cz\/?page_id=574"},"modified":"2025-01-07T20:49:16","modified_gmt":"2025-01-07T19:49:16","slug":"contact","status":"publish","type":"page","link":"https:\/\/chalupakrenov.cz\/en\/contact\/","title":{"rendered":"Contact"},"content":{"rendered":"<p style=\"text-align: center;\">CHALUPA <strong>K\u0158ENOV <\/strong>62<br \/>\n(<i><strong>K\u0158ENOV <\/strong> 62 COTTAGE<\/i>)<\/p>\n<p style=\"text-align: center;\">K\u0159enov 62, 541 01 Bernartice, Czech Republic<br \/>\nE-mail: <a href=\"mailto:chalupakrenov@gmail.com\">chalupakrenov@gmail.com<\/a><br \/>\nPhone: <a href=\"tel:+420602180236\">+420 602 180 236<\/a>, <a href=\"tel:+420602576589\">+420 602 576 589<\/a><\/p>\n<p style=\"text-align: center;\">Operator: Lenka Hork\u00e1, Houdova 901\/11, 15800 Praha 5, ID: 17336261, VAT number: CZ6856171597<\/p>\n<h3 class=\"has-text-align-center\"><strong>The availability calendar is <a href=\"https:\/\/www.e-chalupy.cz\/kalendar-obsazenosti.php?objekt=14853\" target=\"_blank\" rel=\"noopener\"><u>HERE<\/u><\/a><\/strong><\/h3>\n<p style=\"text-align: center;\"><em>\u010cSOB \/ \u010d. \u00fa.: 310426306\/0300 \/ IBAN: CZ2003000000000310426306 \/ SWIFT: CEKOCZPP<\/em><\/p>\n<p><iframe loading=\"lazy\" style=\"border: 0;\" src=\"https:\/\/www.google.com\/maps\/embed?pb=!1m14!1m8!1m3!1d870.547574896545!2d15.9265281!3d50.6437206!3m2!1i1024!2i768!4f13.1!3m3!1m2!1s0x470ef3bb9f0185a3%3A0xcb881817b7bd1945!2sK%C5%99enov%2062%2C%20541%2001%20Bernartice!5e1!3m2!1scs!2scz!4v1647903408128!5m2!1scs!2scz\" width=\"100%\" height=\"400\" allowfullscreen=\"allowfullscreen\"><\/iframe><\/p>\n","protected":false},"excerpt":{"rendered":"<p>CHALUPA K\u0158ENOV 62 (K\u0158ENOV 62 COTTAGE) K\u0159enov 62, 541 01 Bernartice, Czech Republic E-mail: chalupakrenov@gmail.com Phone: +420 602 180 236, +420 602 576 589 Operator: Lenka Hork\u00e1, Houdova 901\/11, 15800 Praha 5, ID: 17336261, VAT number:&#8230;<\/p>\n","protected":false},"author":1,"featured_media":0,"parent":0,"menu_order":100,"comment_status":"closed","ping_status":"closed","template":"","meta":[],"acf":[],"_links":{"self":[{"href":"https:\/\/chalupakrenov.cz\/en\/wp-json\/wp\/v2\/pages\/574"}],"collection":[{"href":"https:\/\/chalupakrenov.cz\/en\/wp-json\/wp\/v2\/pages"}],"about":[{"href":"https:\/\/chalupakrenov.cz\/en\/wp-json\/wp\/v2\/types\/page"}],"author":[{"embeddable":true,"href":"https:\/\/chalupakrenov.cz\/en\/wp-json\/wp\/v2\/users\/1"}],"replies":[{"embeddable":true,"href":"https:\/\/chalupakrenov.cz\/en\/wp-json\/wp\/v2\/comments?post=574"}],"version-history":[{"count":13,"href":"https:\/\/chalupakrenov.cz\/en\/wp-json\/wp\/v2\/pages\/574\/revisions"}],"predecessor-version":[{"id":901,"href":"https:\/\/chalupakrenov.cz\/en\/wp-json\/wp\/v2\/pages\/574\/revisions\/901"}],"wp:attachment":[{"href":"https:\/\/chalupakrenov.cz\/en\/wp-json\/wp\/v2\/media?parent=574"}],"curies":[{"name":"wp","href":"https:\/\/api.w.org\/{rel}","templated":true}]}}