{"id":431,"date":"2022-03-20T12:09:50","date_gmt":"2022-03-20T11:09:50","guid":{"rendered":"https:\/\/chalupakrenov.cz\/about-us\/"},"modified":"2023-01-16T16:50:15","modified_gmt":"2023-01-16T15:50:15","slug":"our-cottage","status":"publish","type":"page","link":"https:\/\/chalupakrenov.cz\/en\/","title":{"rendered":"OUR COTTAGE"},"content":{"rendered":"\n<div class=\"wp-block-columns\">\n<div class=\"wp-block-column\">\n<p><strong>K\u0158ENOV<\/strong> 62 Cottage is located in a quiet valley at the end of the village of K\u0159enov near Bernartice. In 2021 it was completely renovated. The village of K\u0159enov is 2 km away by foot and 5 km away by car from \u017dacl\u00e9\u0159 and is an ideal starting point for <a href=\"\/en\/trips\/\">trips to the quiet surroundings<\/a>, both in winter and in summer (Bret ski slope in Prkenn\u00fd D\u016fl, Stachelberg artillery fortress with forts, lookout tower and playground, Mlad\u00e9 Buky area, Pec pod Sn\u011b\u017ekou, the town of Trutnov or ZOO Dv\u016fr Kr\u00e1lov\u00e9, etc.).<\/p>\n<p>After the <a href=\"\/en\/trips\/\">trip<\/a> you can relax in our <a href=\"\/en\/photo-gallery\/#sauna_en\">sauna<\/a>, have a <a href=\"\/en\/photo-gallery\/#chalupa_en\">barbecue<\/a> with friends or family or just laze around and enjoy the peace. Children will find here a slide with a sandpit and a spacious lawn for playing.<\/p>\n<p>We can accommodate 17 visitors, with the additional option of using sofa beds and two more mobile beds. In total, we can accommodate up to 22 guests. There are 2 <a href=\"\/en\/accommodation\/#apartment\">apartments<\/a> in the cottage. In total there are 6 double <a href=\"\/en\/accommodation\/\">rooms<\/a>, 2 twin rooms and one single room. Each room is equipped with a toilet and shower. There are two staircases and the whole cottage can be connected. The connecting creates one large cottage, which is especially suitable for larger families or groups.<\/p>\n<\/div>\n\n\n\n<div class=\"wp-block-column\">\n<p>There are four well-equipped <a href=\"\/en\/photo-gallery\/#kuchyne_en\">kitchens<\/a> (2x for the rooms, plus in the large and small apartment), where you will find everything you need to make your favourite delicacies. They are equipped with induction hob, oven, microwave, fridge-freezer, Dolce Gusto coffee machine, kettle, crockery. In the kitchen on the ground floor there is a room to store food, including a large fridge-freezer. There is also a <a href=\"\/en\/photo-gallery\/#spolecenska_en\">lounge<\/a> with a comfortable seating area by the wood-burning stove, equipped with TV, library and board games. The large apartment is situated on the 1st floor and provides comfortable accommodation for up to 6 people. Among other things, it has a wood-burning stove and washing machine.<\/p>\n<p>In addition, it is also possible to use the <a href=\"\/en\/photo-gallery\/#sauna_en\">sauna<\/a>, <a href=\"\/en\/photo-gallery\/#interier_en\">laundry room with washing machine and dryer<\/a>, changing room, ski room and bicycle storage. In the summer months, there is a gazebo with an outdoor covered barbecue and seating area where you can enjoy time together with family or friends. You can also arrange to rent a mobile tap.<\/p>\n<\/div>\n<\/div>\n\n\n\n<figure class=\"wp-block-gallery has-nested-images columns-4 is-cropped\">\n<figure class=\"wp-block-image size-thumbnail\"><a href=\"https:\/\/chalupakrenov.cz\/wp-content\/uploads\/2022\/03\/chalupakrenov62_fasada_Pohled_ze_zahrady.jpg\"><img loading=\"lazy\" width=\"300\" height=\"300\" data-id=\"75\"  src=\"https:\/\/chalupakrenov.cz\/wp-content\/uploads\/2022\/03\/chalupakrenov62_fasada_Pohled_ze_zahrady-300x300.jpg\" alt=\"\" class=\"wp-image-75\"\/><\/a><\/figure>\n\n\n\n<figure class=\"wp-block-image size-thumbnail\"><a href=\"https:\/\/chalupakrenov.cz\/wp-content\/uploads\/2022\/03\/chalupakrenov62_spolecenska_mistnost_2.jpg\"><img loading=\"lazy\" width=\"300\" height=\"300\" data-id=\"71\"  src=\"https:\/\/chalupakrenov.cz\/wp-content\/uploads\/2022\/03\/chalupakrenov62_spolecenska_mistnost_2-300x300.jpg\" alt=\"\" class=\"wp-image-71\"\/><\/a><\/figure>\n\n\n\n<figure class=\"wp-block-image size-thumbnail\"><a href=\"https:\/\/chalupakrenov.cz\/wp-content\/uploads\/2022\/03\/chalupakrenov62_zahrada_Gril.jpg\"><img loading=\"lazy\" width=\"300\" height=\"300\" data-id=\"69\"  src=\"https:\/\/chalupakrenov.cz\/wp-content\/uploads\/2022\/03\/chalupakrenov62_zahrada_Gril-300x300.jpg\" alt=\"\" class=\"wp-image-69\"\/><\/a><\/figure>\n\n\n\n<figure class=\"wp-block-image size-thumbnail\"><a href=\"https:\/\/chalupakrenov.cz\/wp-content\/uploads\/2022\/03\/chalupakrenov62_velky_apartman_2.jpg\"><img loading=\"lazy\" width=\"300\" height=\"300\" data-id=\"70\"  src=\"https:\/\/chalupakrenov.cz\/wp-content\/uploads\/2022\/03\/chalupakrenov62_velky_apartman_2-300x300.jpg\" alt=\"\" class=\"wp-image-70\"\/><\/a><\/figure>\n\n\n\n<figure class=\"wp-block-image size-thumbnail\"><a href=\"https:\/\/chalupakrenov.cz\/wp-content\/uploads\/2022\/03\/chalupakrenov62_sauna_3.jpg\"><img loading=\"lazy\" width=\"300\" height=\"300\" data-id=\"72\"  src=\"https:\/\/chalupakrenov.cz\/wp-content\/uploads\/2022\/03\/chalupakrenov62_sauna_3-300x300.jpg\" alt=\"\" class=\"wp-image-72\"\/><\/a><\/figure>\n\n\n\n<figure class=\"wp-block-image size-thumbnail\"><a href=\"https:\/\/chalupakrenov.cz\/wp-content\/uploads\/2022\/03\/chalupakrenov62_kuchyne_chodba_3.jpg\"><img loading=\"lazy\" width=\"300\" height=\"300\" data-id=\"73\"  src=\"https:\/\/chalupakrenov.cz\/wp-content\/uploads\/2022\/03\/chalupakrenov62_kuchyne_chodba_3-300x300.jpg\" alt=\"\" class=\"wp-image-73\"\/><\/a><\/figure>\n\n\n\n<figure class=\"wp-block-image size-thumbnail\"><a href=\"https:\/\/chalupakrenov.cz\/wp-content\/uploads\/2022\/03\/chalupakrenov62_kuchyne_1.jpg\"><img loading=\"lazy\" width=\"300\" height=\"300\" data-id=\"74\"  src=\"https:\/\/chalupakrenov.cz\/wp-content\/uploads\/2022\/03\/chalupakrenov62_kuchyne_1-300x300.jpg\" alt=\"\" class=\"wp-image-74\"\/><\/a><\/figure>\n\n\n\n<figure class=\"wp-block-image size-thumbnail\"><a href=\"https:\/\/chalupakrenov.cz\/wp-content\/uploads\/2022\/03\/chalupakrenov62_X_detail_kvetina_V_apartman.jpg\"><img loading=\"lazy\" width=\"300\" height=\"300\" data-id=\"76\"  src=\"https:\/\/chalupakrenov.cz\/wp-content\/uploads\/2022\/03\/chalupakrenov62_X_detail_kvetina_V_apartman-300x300.jpg\" alt=\"\" class=\"wp-image-76\"\/><\/a><\/figure>\n<\/figure>\n\n\n<p>\u00a0<\/p>\n<h2 class=\"section-title\" style=\"text-align: center;\">Reservation<\/h2>\n<p><a class=\"center button\" href=\"\/en\/reservation\/\">Booking now<\/a><\/p>","protected":false},"excerpt":{"rendered":"<p>K\u0158ENOV 62 Cottage is located in a quiet valley at the end of the village of K\u0159enov near Bernartice. In 2021 it was completely renovated. The village of K\u0159enov is 2 km away by foot and&#8230;<\/p>\n","protected":false},"author":1,"featured_media":0,"parent":0,"menu_order":0,"comment_status":"closed","ping_status":"closed","template":"","meta":[],"acf":[],"_links":{"self":[{"href":"https:\/\/chalupakrenov.cz\/en\/wp-json\/wp\/v2\/pages\/431"}],"collection":[{"href":"https:\/\/chalupakrenov.cz\/en\/wp-json\/wp\/v2\/pages"}],"about":[{"href":"https:\/\/chalupakrenov.cz\/en\/wp-json\/wp\/v2\/types\/page"}],"author":[{"embeddable":true,"href":"https:\/\/chalupakrenov.cz\/en\/wp-json\/wp\/v2\/users\/1"}],"replies":[{"embeddable":true,"href":"https:\/\/chalupakrenov.cz\/en\/wp-json\/wp\/v2\/comments?post=431"}],"version-history":[{"count":18,"href":"https:\/\/chalupakrenov.cz\/en\/wp-json\/wp\/v2\/pages\/431\/revisions"}],"predecessor-version":[{"id":820,"href":"https:\/\/chalupakrenov.cz\/en\/wp-json\/wp\/v2\/pages\/431\/revisions\/820"}],"wp:attachment":[{"href":"https:\/\/chalupakrenov.cz\/en\/wp-json\/wp\/v2\/media?parent=431"}],"curies":[{"name":"wp","href":"https:\/\/api.w.org\/{rel}","templated":true}]}}